{"id":10,"date":"2022-08-06T23:08:26","date_gmt":"2022-08-06T23:08:26","guid":{"rendered":"https:\/\/lartinne.mixarthost.com\/wordpress\/?page_id=10"},"modified":"2024-01-31T05:28:52","modified_gmt":"2024-01-31T05:28:52","slug":"politica_devoluciones_envios","status":"publish","type":"page","link":"https:\/\/nxc.izc.temporary.site\/new\/politica_devoluciones_envios\/","title":{"rendered":"Pol\u00edticas de Devoluciones y Env\u00edos"},"content":{"rendered":"\n<h2 class=\"wp-block-heading\">Devoluciones<\/h2>\n\n\n\n<p>El cliente tomar\u00e1 en cuenta que algunos productos pueden presentar una ligera diferencia en el color visto en la pantalla, pero aun as\u00ed nos esforzamos por presentar im\u00e1genes de calidad para apreciar el producto lo m\u00e1s real posible. En caso de que el cliente no se sienta conforme con el producto recibido, puede solicitar una devoluci\u00f3n, en las siguientes condiciones:<\/p>\n\n\n\n<p>\u2022&nbsp;<strong><a href=\"https:\/\/nxc.izc.temporary.site\/\" target=\"_blank\" rel=\"noreferrer noopener\">Lartinne.com<\/a><\/strong>&nbsp;solo acepta devoluciones de piezas en un plazo de&nbsp;24 horas de recibidas. Los art\u00edculos deben devolverse en condiciones nuevas o se les podr\u00e1 aplicar una tarifa de reposici\u00f3n del 50%.&nbsp;<\/p>\n\n\n\n<p>\u2022 No se aceptan devoluciones de piezas realizadas a solicitud (personalizadas).&nbsp;<\/p>\n\n\n\n<p>\u2022 En caso de devoluci\u00f3n, el cliente debe contactarse por whatsapp o al correo\u00a0<strong><a href=\"mailto:tienda@lartinne.com\">tienda@lartinne.com<\/a>\u00a0<\/strong>\u00a0y esperar confirmaci\u00f3n y costear el env\u00edo.<\/p>\n\n\n\n<p>\u2022 No se hace devoluci\u00f3n del costo de env\u00edo.<\/p>\n\n\n\n<p>\u2022 Una vez que se procese su devoluci\u00f3n, recibir\u00e1 un c\u00f3digo como cr\u00e9dito en la tienda.  <\/p>\n\n\n\n<p>\u2022<strong>\u00a0<a href=\"https:\/\/nxc.izc.temporary.site\/\" target=\"_blank\" rel=\"noreferrer noopener\">Lartinne.com<\/a>\u00a0<\/strong>puede efectuar reparaciones en los accesorios durante el per\u00edodo de 15 d\u00edas, si se muestra que fue por defecto de f\u00e1brica-elaboraci\u00f3n. Si fue por uso incorrecto del accesorio, el cliente cubrir\u00e1 tal reparaci\u00f3n, que depender\u00e1 del caso. El cliente tambi\u00e9n cubre los gastos de env\u00edo.<\/p>\n\n\n\n<h2 class=\"wp-block-heading\">Env\u00edos<\/h2>\n\n\n\n<p>Una vez procesado el pago, si su producto est\u00e1 disponible en la tienda, tardar\u00eda lo siguiente, seg\u00fan la localidad del env\u00edo:<\/p>\n\n\n\n<p>\u2013 Local (Santo Domingo, RD): 1-3 d\u00edas laborables.<\/p>\n\n\n\n<p>\u2013 Nacional (Interior de RD): 4-5 d\u00edas laborables.<\/p>\n\n\n\n<p>\u2013 Internacional (resto del mundo): 2-3 semanas.<\/p>\n\n\n\n<p>Si el producto es personalizado, puede demorar 3-5 d\u00edas adicionales para la elaboraci\u00f3n.&nbsp;<\/p>\n\n\n\n<p>Los pedidos realizados despu\u00e9s del mediod\u00eda (EST) del viernes, no se enviar\u00e1n hasta el lunes.&nbsp;Se enviar\u00e1 un n\u00famero de seguimiento a la direcci\u00f3n de correo electr\u00f3nico que haya registrado el cliente.<\/p>\n","protected":false},"excerpt":{"rendered":"<p>Devoluciones El cliente tomar\u00e1 en cuenta que algunos productos pueden presentar una ligera diferencia en el color visto en la pantalla, pero aun as\u00ed nos esforzamos por presentar im\u00e1genes de calidad para apreciar el producto lo m\u00e1s real posible. En caso de que el cliente no se sienta conforme con<\/p>\n","protected":false},"author":1,"featured_media":0,"parent":0,"menu_order":0,"comment_status":"closed","ping_status":"closed","template":"","meta":{"footnotes":""},"yoast_head":"<!-- This site is optimized with the Yoast SEO plugin v21.8 - https:\/\/yoast.com\/wordpress\/plugins\/seo\/ -->\n<title>Pol\u00edticas de Devoluciones y Env\u00edos - Lartinn\u00e9<\/title>\n<meta name=\"robots\" content=\"noindex, follow, max-snippet:-1, max-image-preview:large, max-video-preview:-1\" \/>\n<meta property=\"og:locale\" content=\"es_ES\" \/>\n<meta property=\"og:type\" content=\"article\" \/>\n<meta property=\"og:title\" content=\"Pol\u00edticas de Devoluciones y Env\u00edos - Lartinn\u00e9\" \/>\n<meta property=\"og:description\" content=\"Devoluciones El cliente tomar\u00e1 en cuenta que algunos productos pueden presentar una ligera diferencia en el color visto en la pantalla, pero aun as\u00ed nos esforzamos por presentar im\u00e1genes de calidad para apreciar el producto lo m\u00e1s real posible. En caso de que el cliente no se sienta conforme con\" \/>\n<meta property=\"og:url\" content=\"https:\/\/lartinne.com\/politica_devoluciones_envios\/\" \/>\n<meta property=\"og:site_name\" content=\"Lartinn\u00e9\" \/>\n<meta property=\"article:modified_time\" content=\"2024-01-31T05:28:52+00:00\" \/>\n<meta name=\"twitter:card\" content=\"summary_large_image\" \/>\n<meta name=\"twitter:label1\" content=\"Tiempo de lectura\" \/>\n\t<meta name=\"twitter:data1\" content=\"2 minutos\" \/>\n<script type=\"application\/ld+json\" class=\"yoast-schema-graph\">{\"@context\":\"https:\/\/schema.org\",\"@graph\":[{\"@type\":\"WebPage\",\"@id\":\"https:\/\/lartinne.com\/politica_devoluciones_envios\/\",\"url\":\"https:\/\/lartinne.com\/politica_devoluciones_envios\/\",\"name\":\"Pol\u00edticas de Devoluciones y Env\u00edos - Lartinn\u00e9\",\"isPartOf\":{\"@id\":\"https:\/\/lartinne.com\/#website\"},\"datePublished\":\"2022-08-06T23:08:26+00:00\",\"dateModified\":\"2024-01-31T05:28:52+00:00\",\"breadcrumb\":{\"@id\":\"https:\/\/lartinne.com\/politica_devoluciones_envios\/#breadcrumb\"},\"inLanguage\":\"es\",\"potentialAction\":[{\"@type\":\"ReadAction\",\"target\":[\"https:\/\/lartinne.com\/politica_devoluciones_envios\/\"]}]},{\"@type\":\"BreadcrumbList\",\"@id\":\"https:\/\/lartinne.com\/politica_devoluciones_envios\/#breadcrumb\",\"itemListElement\":[{\"@type\":\"ListItem\",\"position\":1,\"name\":\"Home\",\"item\":\"https:\/\/lartinne.com\/\"},{\"@type\":\"ListItem\",\"position\":2,\"name\":\"Pol\u00edticas de Devoluciones y Env\u00edos\"}]},{\"@type\":\"WebSite\",\"@id\":\"https:\/\/lartinne.com\/#website\",\"url\":\"https:\/\/lartinne.com\/\",\"name\":\"Lartinn\u00e9\",\"description\":\"Apoya lo local y complementa tu outfit con Lartinn\u00e9.\",\"potentialAction\":[{\"@type\":\"SearchAction\",\"target\":{\"@type\":\"EntryPoint\",\"urlTemplate\":\"https:\/\/lartinne.com\/?s={search_term_string}\"},\"query-input\":\"required name=search_term_string\"}],\"inLanguage\":\"es\"}]}<\/script>\n<!-- \/ Yoast SEO plugin. -->","yoast_head_json":{"title":"Pol\u00edticas de Devoluciones y Env\u00edos - Lartinn\u00e9","robots":{"index":"noindex","follow":"follow","max-snippet":"max-snippet:-1","max-image-preview":"max-image-preview:large","max-video-preview":"max-video-preview:-1"},"og_locale":"es_ES","og_type":"article","og_title":"Pol\u00edticas de Devoluciones y Env\u00edos - Lartinn\u00e9","og_description":"Devoluciones El cliente tomar\u00e1 en cuenta que algunos productos pueden presentar una ligera diferencia en el color visto en la pantalla, pero aun as\u00ed nos esforzamos por presentar im\u00e1genes de calidad para apreciar el producto lo m\u00e1s real posible. En caso de que el cliente no se sienta conforme con","og_url":"https:\/\/lartinne.com\/politica_devoluciones_envios\/","og_site_name":"Lartinn\u00e9","article_modified_time":"2024-01-31T05:28:52+00:00","twitter_card":"summary_large_image","twitter_misc":{"Tiempo de lectura":"2 minutos"},"schema":{"@context":"https:\/\/schema.org","@graph":[{"@type":"WebPage","@id":"https:\/\/lartinne.com\/politica_devoluciones_envios\/","url":"https:\/\/lartinne.com\/politica_devoluciones_envios\/","name":"Pol\u00edticas de Devoluciones y Env\u00edos - Lartinn\u00e9","isPartOf":{"@id":"https:\/\/lartinne.com\/#website"},"datePublished":"2022-08-06T23:08:26+00:00","dateModified":"2024-01-31T05:28:52+00:00","breadcrumb":{"@id":"https:\/\/lartinne.com\/politica_devoluciones_envios\/#breadcrumb"},"inLanguage":"es","potentialAction":[{"@type":"ReadAction","target":["https:\/\/lartinne.com\/politica_devoluciones_envios\/"]}]},{"@type":"BreadcrumbList","@id":"https:\/\/lartinne.com\/politica_devoluciones_envios\/#breadcrumb","itemListElement":[{"@type":"ListItem","position":1,"name":"Home","item":"https:\/\/lartinne.com\/"},{"@type":"ListItem","position":2,"name":"Pol\u00edticas de Devoluciones y Env\u00edos"}]},{"@type":"WebSite","@id":"https:\/\/lartinne.com\/#website","url":"https:\/\/lartinne.com\/","name":"Lartinn\u00e9","description":"Apoya lo local y complementa tu outfit con Lartinn\u00e9.","potentialAction":[{"@type":"SearchAction","target":{"@type":"EntryPoint","urlTemplate":"https:\/\/lartinne.com\/?s={search_term_string}"},"query-input":"required name=search_term_string"}],"inLanguage":"es"}]}},"_links":{"self":[{"href":"https:\/\/nxc.izc.temporary.site\/new\/wp-json\/wp\/v2\/pages\/10"}],"collection":[{"href":"https:\/\/nxc.izc.temporary.site\/new\/wp-json\/wp\/v2\/pages"}],"about":[{"href":"https:\/\/nxc.izc.temporary.site\/new\/wp-json\/wp\/v2\/types\/page"}],"author":[{"embeddable":true,"href":"https:\/\/nxc.izc.temporary.site\/new\/wp-json\/wp\/v2\/users\/1"}],"replies":[{"embeddable":true,"href":"https:\/\/nxc.izc.temporary.site\/new\/wp-json\/wp\/v2\/comments?post=10"}],"version-history":[{"count":4,"href":"https:\/\/nxc.izc.temporary.site\/new\/wp-json\/wp\/v2\/pages\/10\/revisions"}],"predecessor-version":[{"id":3629,"href":"https:\/\/nxc.izc.temporary.site\/new\/wp-json\/wp\/v2\/pages\/10\/revisions\/3629"}],"wp:attachment":[{"href":"https:\/\/nxc.izc.temporary.site\/new\/wp-json\/wp\/v2\/media?parent=10"}],"curies":[{"name":"wp","href":"https:\/\/api.w.org\/{rel}","templated":true}]}}