{"id":2808,"date":"2022-08-07T03:08:33","date_gmt":"2022-08-07T03:08:33","guid":{"rendered":"https:\/\/lartinne.mixarthost.com\/wordpress\/?post_type=product&#038;p=2808"},"modified":"2025-05-01T21:13:17","modified_gmt":"2025-05-01T21:13:17","slug":"aretes-larissa","status":"publish","type":"product","link":"https:\/\/nxc.izc.temporary.site\/new\/product\/aretes-larissa\/","title":{"rendered":"Aretes Larissa"},"content":{"rendered":"<p>Aretes laminadas en oro 18K con piedra de Larimar.<\/p>\n<p>El larimar es una piedra semipreciosa, encontrada s\u00f3lo en Rep\u00fablica Dominicana, en la Sierra de Bahoruco, de la provincia Barahona. Se cataloga como un tesoro desconocido y \u00fanico en el mundo.<\/p>\n<p><strong>Materiales:<\/strong><\/p>\n<ul>\n<li>Laminado en oro 18K<\/li>\n<li>Larimar<\/li>\n<\/ul>\n<p><strong>Medidas:<\/strong> Aproximadamente 2.5 pulg. de largo<\/p>\n<p><strong>Medidas de cuidado: <\/strong><\/p>\n<p>Nuestros accesorios est\u00e1n elaborados con piezas laminadas, con 3 capas de oro 18K, de excelente calidad y durabilidad, siempre que se mantengan los siguientes cuidados:<\/p>\n<ol>\n<li>Quitarse las joyas antes de ba\u00f1arse, entrar en playas, piscinas, hacer deportes, quehaceres del hogar o usar productos abrasivos.<\/li>\n<li>Aplicar productos como cremas, perfumes, jab\u00f3n u otros, antes de colocarse los accesorios, pues estos qu\u00edmicos pueden afectar el laminado.<\/li>\n<li>Guardar separados de otros productos.<\/li>\n<li>\u00a0Limpiar con un pa\u00f1o suave.<\/li>\n<\/ol>\n<p><strong>Nota:<\/strong> El Larimar es una piedra natural, trabajada artesanalmente por lo que puede presentar diferencias en sus tonos de colores, vetas y formas.<\/p>\n","protected":false},"excerpt":{"rendered":"<p>Aretes laminadas en oro 18K con piedra de Larimar.<\/p>\n<p>El larimar es una piedra semipreciosa, encontrada s\u00f3lo en Rep\u00fablica Dominicana, en la Sierra de Bahoruco, de la provincia Barahona. Se cataloga como un tesoro desconocido y \u00fanico en el mundo.<\/p>\n<p><strong>Materiales:<\/strong><\/p>\n<ul>\n<li>Laminado en oro 18K<\/li>\n<li>Larimar<\/li>\n<\/ul>\n<p><strong>Medidas:<\/strong> Aproximadamente 2.5 pulg. de largo<\/p>\n<p><strong>Medidas de cuidado: <\/strong><\/p>\n<p>Nuestros accesorios est\u00e1n elaborados con piezas laminadas, con 3 capas de oro 18K, de excelente calidad y durabilidad, siempre que se mantengan los siguientes cuidados:<\/p>\n<ol>\n<li>Quitarse las joyas antes de ba\u00f1arse, entrar en playas, piscinas, hacer deportes, quehaceres del hogar o usar productos abrasivos.<\/li>\n<li>Aplicar productos como cremas, perfumes, jab\u00f3n u otros, antes de colocarse los accesorios, pues estos qu\u00edmicos pueden afectar el laminado.<\/li>\n<li>Guardar separados de otros productos.<\/li>\n<li>\u00a0Limpiar con un pa\u00f1o suave.<\/li>\n<\/ol>\n<p><strong>Nota:<\/strong> El Larimar es una piedra natural, trabajada artesanalmente por lo que puede presentar diferencias en sus tonos de colores, vetas y formas.<\/p>\n","protected":false},"featured_media":2814,"comment_status":"closed","ping_status":"closed","template":"","meta":[],"product_cat":[241,238],"product_tag":[133,147,146],"yoast_head":"<!-- This site is optimized with the Yoast SEO plugin v21.8 - https:\/\/yoast.com\/wordpress\/plugins\/seo\/ -->\n<title>Aretes Larissa - Lartinn\u00e9<\/title>\n<meta name=\"robots\" content=\"noindex, follow, max-snippet:-1, max-image-preview:large, max-video-preview:-1\" \/>\n<meta property=\"og:locale\" content=\"es_ES\" \/>\n<meta property=\"og:type\" content=\"article\" \/>\n<meta property=\"og:title\" content=\"Aretes Larissa - Lartinn\u00e9\" \/>\n<meta property=\"og:description\" content=\"Aretes laminadas en oro 18K con piedra de Larimar.  El larimar es una piedra semipreciosa, encontrada s\u00f3lo en Rep\u00fablica Dominicana, en la Sierra de Bahoruco, de la provincia Barahona. Se cataloga como un tesoro desconocido y \u00fanico en el mundo.  Materiales:   Laminado en oro 18K  Larimar  Medidas: Aproximadamente 2.5 pulg. de largo  Medidas de cuidado:   Nuestros accesorios est\u00e1n elaborados con piezas laminadas, con 3 capas de oro 18K, de excelente calidad y durabilidad, siempre que se mantengan los siguientes cuidados:   Quitarse las joyas antes de ba\u00f1arse, entrar en playas, piscinas, hacer deportes, quehaceres del hogar o usar productos abrasivos.  Aplicar productos como cremas, perfumes, jab\u00f3n u otros, antes de colocarse los accesorios, pues estos qu\u00edmicos pueden afectar el laminado.  Guardar separados de otros productos.  \u00a0Limpiar con un pa\u00f1o suave.  Nota: El Larimar es una piedra natural, trabajada artesanalmente por lo que puede presentar diferencias en sus tonos de colores, vetas y formas.\" \/>\n<meta property=\"og:url\" content=\"https:\/\/lartinne.com\/product\/aretes-larissa\/\" \/>\n<meta property=\"og:site_name\" content=\"Lartinn\u00e9\" \/>\n<meta property=\"article:modified_time\" content=\"2025-05-01T21:13:17+00:00\" \/>\n<meta property=\"og:image\" content=\"https:\/\/lartinne.com\/wp-content\/uploads\/2022\/08\/15-AL1-scaled.jpg\" \/>\n\t<meta property=\"og:image:width\" content=\"2560\" \/>\n\t<meta property=\"og:image:height\" content=\"1707\" \/>\n\t<meta property=\"og:image:type\" content=\"image\/jpeg\" \/>\n<meta name=\"twitter:card\" content=\"summary_large_image\" \/>\n<meta name=\"twitter:label1\" content=\"Tiempo de lectura\" \/>\n\t<meta name=\"twitter:data1\" content=\"1 minuto\" \/>\n<script type=\"application\/ld+json\" class=\"yoast-schema-graph\">{\"@context\":\"https:\/\/schema.org\",\"@graph\":[{\"@type\":\"WebPage\",\"@id\":\"https:\/\/lartinne.com\/product\/aretes-larissa\/\",\"url\":\"https:\/\/lartinne.com\/product\/aretes-larissa\/\",\"name\":\"Aretes Larissa - Lartinn\u00e9\",\"isPartOf\":{\"@id\":\"https:\/\/lartinne.com\/#website\"},\"datePublished\":\"2022-08-07T03:08:33+00:00\",\"dateModified\":\"2025-05-01T21:13:17+00:00\",\"breadcrumb\":{\"@id\":\"https:\/\/lartinne.com\/product\/aretes-larissa\/#breadcrumb\"},\"inLanguage\":\"es\",\"potentialAction\":[{\"@type\":\"ReadAction\",\"target\":[\"https:\/\/lartinne.com\/product\/aretes-larissa\/\"]}]},{\"@type\":\"BreadcrumbList\",\"@id\":\"https:\/\/lartinne.com\/product\/aretes-larissa\/#breadcrumb\",\"itemListElement\":[{\"@type\":\"ListItem\",\"position\":1,\"name\":\"Home\",\"item\":\"https:\/\/lartinne.com\/\"},{\"@type\":\"ListItem\",\"position\":2,\"name\":\"Tienda\",\"item\":\"https:\/\/lartinne.com\/tienda\/\"},{\"@type\":\"ListItem\",\"position\":3,\"name\":\"Aretes Larissa\"}]},{\"@type\":\"WebSite\",\"@id\":\"https:\/\/lartinne.com\/#website\",\"url\":\"https:\/\/lartinne.com\/\",\"name\":\"Lartinn\u00e9\",\"description\":\"Apoya lo local y complementa tu outfit con Lartinn\u00e9.\",\"potentialAction\":[{\"@type\":\"SearchAction\",\"target\":{\"@type\":\"EntryPoint\",\"urlTemplate\":\"https:\/\/lartinne.com\/?s={search_term_string}\"},\"query-input\":\"required name=search_term_string\"}],\"inLanguage\":\"es\"}]}<\/script>\n<!-- \/ Yoast SEO plugin. -->","yoast_head_json":{"title":"Aretes Larissa - Lartinn\u00e9","robots":{"index":"noindex","follow":"follow","max-snippet":"max-snippet:-1","max-image-preview":"max-image-preview:large","max-video-preview":"max-video-preview:-1"},"og_locale":"es_ES","og_type":"article","og_title":"Aretes Larissa - Lartinn\u00e9","og_description":"Aretes laminadas en oro 18K con piedra de Larimar.  El larimar es una piedra semipreciosa, encontrada s\u00f3lo en Rep\u00fablica Dominicana, en la Sierra de Bahoruco, de la provincia Barahona. Se cataloga como un tesoro desconocido y \u00fanico en el mundo.  Materiales:   Laminado en oro 18K  Larimar  Medidas: Aproximadamente 2.5 pulg. de largo  Medidas de cuidado:   Nuestros accesorios est\u00e1n elaborados con piezas laminadas, con 3 capas de oro 18K, de excelente calidad y durabilidad, siempre que se mantengan los siguientes cuidados:   Quitarse las joyas antes de ba\u00f1arse, entrar en playas, piscinas, hacer deportes, quehaceres del hogar o usar productos abrasivos.  Aplicar productos como cremas, perfumes, jab\u00f3n u otros, antes de colocarse los accesorios, pues estos qu\u00edmicos pueden afectar el laminado.  Guardar separados de otros productos.  \u00a0Limpiar con un pa\u00f1o suave.  Nota: El Larimar es una piedra natural, trabajada artesanalmente por lo que puede presentar diferencias en sus tonos de colores, vetas y formas.","og_url":"https:\/\/lartinne.com\/product\/aretes-larissa\/","og_site_name":"Lartinn\u00e9","article_modified_time":"2025-05-01T21:13:17+00:00","og_image":[{"width":2560,"height":1707,"url":"https:\/\/lartinne.com\/wp-content\/uploads\/2022\/08\/15-AL1-scaled.jpg","type":"image\/jpeg"}],"twitter_card":"summary_large_image","twitter_misc":{"Tiempo de lectura":"1 minuto"},"schema":{"@context":"https:\/\/schema.org","@graph":[{"@type":"WebPage","@id":"https:\/\/lartinne.com\/product\/aretes-larissa\/","url":"https:\/\/lartinne.com\/product\/aretes-larissa\/","name":"Aretes Larissa - Lartinn\u00e9","isPartOf":{"@id":"https:\/\/lartinne.com\/#website"},"datePublished":"2022-08-07T03:08:33+00:00","dateModified":"2025-05-01T21:13:17+00:00","breadcrumb":{"@id":"https:\/\/lartinne.com\/product\/aretes-larissa\/#breadcrumb"},"inLanguage":"es","potentialAction":[{"@type":"ReadAction","target":["https:\/\/lartinne.com\/product\/aretes-larissa\/"]}]},{"@type":"BreadcrumbList","@id":"https:\/\/lartinne.com\/product\/aretes-larissa\/#breadcrumb","itemListElement":[{"@type":"ListItem","position":1,"name":"Home","item":"https:\/\/lartinne.com\/"},{"@type":"ListItem","position":2,"name":"Tienda","item":"https:\/\/lartinne.com\/tienda\/"},{"@type":"ListItem","position":3,"name":"Aretes Larissa"}]},{"@type":"WebSite","@id":"https:\/\/lartinne.com\/#website","url":"https:\/\/lartinne.com\/","name":"Lartinn\u00e9","description":"Apoya lo local y complementa tu outfit con Lartinn\u00e9.","potentialAction":[{"@type":"SearchAction","target":{"@type":"EntryPoint","urlTemplate":"https:\/\/lartinne.com\/?s={search_term_string}"},"query-input":"required name=search_term_string"}],"inLanguage":"es"}]}},"_links":{"self":[{"href":"https:\/\/nxc.izc.temporary.site\/new\/wp-json\/wp\/v2\/product\/2808"}],"collection":[{"href":"https:\/\/nxc.izc.temporary.site\/new\/wp-json\/wp\/v2\/product"}],"about":[{"href":"https:\/\/nxc.izc.temporary.site\/new\/wp-json\/wp\/v2\/types\/product"}],"replies":[{"embeddable":true,"href":"https:\/\/nxc.izc.temporary.site\/new\/wp-json\/wp\/v2\/comments?post=2808"}],"wp:featuredmedia":[{"embeddable":true,"href":"https:\/\/nxc.izc.temporary.site\/new\/wp-json\/wp\/v2\/media\/2814"}],"wp:attachment":[{"href":"https:\/\/nxc.izc.temporary.site\/new\/wp-json\/wp\/v2\/media?parent=2808"}],"wp:term":[{"taxonomy":"product_cat","embeddable":true,"href":"https:\/\/nxc.izc.temporary.site\/new\/wp-json\/wp\/v2\/product_cat?post=2808"},{"taxonomy":"product_tag","embeddable":true,"href":"https:\/\/nxc.izc.temporary.site\/new\/wp-json\/wp\/v2\/product_tag?post=2808"}],"curies":[{"name":"wp","href":"https:\/\/api.w.org\/{rel}","templated":true}]}}