{"id":2911,"date":"2022-11-03T13:33:43","date_gmt":"2022-11-03T13:33:43","guid":{"rendered":"https:\/\/lartinne.mixarthost.com\/wordpress\/?post_type=product&#038;p=2911"},"modified":"2025-06-25T19:55:54","modified_gmt":"2025-06-25T19:55:54","slug":"aretes-mini-ambar","status":"publish","type":"product","link":"https:\/\/nxc.izc.temporary.site\/new\/product\/aretes-mini-ambar\/","title":{"rendered":"Aretes Mini Ambar"},"content":{"rendered":"<p><b>Descripci\u00f3n<\/b><span style=\"font-weight: 400\">. Sencillos y hermosos aretes dormilonas con \u00e1mbar dominicado y base laminada en oro 18K<\/span><\/p>\n<p><span style=\"font-weight: 400\">El <\/span><b>\u00c1mbar<\/b> <span style=\"font-weight: 400\">una resina vegetal fosilizada que s\u00f3lo se encuentra en grandes cantidades en veinte dep\u00f3sitos en el mundo y principalmente en la Europa Oriental, M\u00e9xico y\u00a0 Rep\u00fablica Dominicana. <\/span><span style=\"font-weight: 400\">El \u00e1mbar dominicano es considerado el m\u00e1s valioso del mundo, por poder encontrarse restos vegetales o de insectos en \u00e9l, tambi\u00e9n por ser el m\u00e1s transparente.<\/span><\/p>\n<p><b>Nota<\/b><span style=\"font-weight: 400\">: <\/span><i><span style=\"font-weight: 400\">El \u00e1mbar es fr\u00e1gil, evitar golpear o dejar caer<\/span><\/i><\/p>\n<p><b>Materiales:<\/b><span style=\"font-weight: 400\">\u00a0<\/span><\/p>\n<ul>\n<li style=\"font-weight: 400\"><span style=\"font-weight: 400\">Laminado en oro 18K<\/span><\/li>\n<li style=\"font-weight: 400\"><span style=\"font-weight: 400\">Ambar<\/span><\/li>\n<\/ul>\n<p><b>Medidas:<\/b><span style=\"font-weight: 400\"> Aproximadamente 0.4 pulg\u00a0<\/span><\/p>\n<p><b>Medidas de cuidado:\u00a0<\/b><\/p>\n<p><span style=\"font-weight: 400\">Nuestros accesorios est\u00e1n elaborados con piezas laminadas, con 3 capas de oro 18K, de excelente calidad y durabilidad, siempre que se mantengan los siguientes cuidados:<\/span><\/p>\n<ol>\n<li style=\"font-weight: 400\"><span style=\"font-weight: 400\">Quitarse las joyas antes de ba\u00f1arse, entrar en playas, piscinas, hacer deportes, quehaceres del hogar o usar productos abrasivos.<\/span><\/li>\n<li style=\"font-weight: 400\"><span style=\"font-weight: 400\">Aplicar productos como cremas, perfumes, jab\u00f3n u otros, antes de colocarse los accesorios, pues estos qu\u00edmicos pueden afectar el laminado.<\/span><\/li>\n<li style=\"font-weight: 400\"><span style=\"font-weight: 400\">Guardar separados de otros productos.<\/span><\/li>\n<li style=\"font-weight: 400\"><span style=\"font-weight: 400\">\u00a0Limpiar con un pa\u00f1o suave.\u00a0<\/span><\/li>\n<\/ol>\n<p>&nbsp;<\/p>\n","protected":false},"excerpt":{"rendered":"<p>Descripci\u00f3n. Sencillos y hermosos aretes dormilonas con \u00e1mbar dominicado y base laminada en oro 18K El \u00c1mbar una resina vegetal fosilizada que s\u00f3lo se encuentra en grandes cantidades en veinte dep\u00f3sitos en el mundo y principalmente en la Europa Oriental, M\u00e9xico y\u00a0 Rep\u00fablica Dominicana. El \u00e1mbar dominicano es considerado el<\/p>\n","protected":false},"featured_media":2937,"comment_status":"closed","ping_status":"closed","template":"","meta":[],"product_cat":[241,238],"product_tag":[142,133,144],"yoast_head":"<!-- This site is optimized with the Yoast SEO plugin v21.8 - https:\/\/yoast.com\/wordpress\/plugins\/seo\/ -->\n<title>Aretes Mini Ambar - Lartinn\u00e9<\/title>\n<meta name=\"robots\" content=\"noindex, follow, max-snippet:-1, max-image-preview:large, max-video-preview:-1\" \/>\n<meta property=\"og:locale\" content=\"es_ES\" \/>\n<meta property=\"og:type\" content=\"article\" \/>\n<meta property=\"og:title\" content=\"Aretes Mini Ambar - Lartinn\u00e9\" \/>\n<meta property=\"og:description\" content=\"Descripci\u00f3n. Sencillos y hermosos aretes dormilonas con \u00e1mbar dominicado y base laminada en oro 18K El \u00c1mbar una resina vegetal fosilizada que s\u00f3lo se encuentra en grandes cantidades en veinte dep\u00f3sitos en el mundo y principalmente en la Europa Oriental, M\u00e9xico y\u00a0 Rep\u00fablica Dominicana. El \u00e1mbar dominicano es considerado el\" \/>\n<meta property=\"og:url\" content=\"https:\/\/lartinne.com\/product\/aretes-mini-ambar\/\" \/>\n<meta property=\"og:site_name\" content=\"Lartinn\u00e9\" \/>\n<meta property=\"article:modified_time\" content=\"2025-06-25T19:55:54+00:00\" \/>\n<meta property=\"og:image\" content=\"https:\/\/lartinne.com\/wp-content\/uploads\/2022\/11\/30-AMA1.jpg\" \/>\n\t<meta property=\"og:image:width\" content=\"2560\" \/>\n\t<meta property=\"og:image:height\" content=\"1707\" \/>\n\t<meta property=\"og:image:type\" content=\"image\/jpeg\" \/>\n<meta name=\"twitter:card\" content=\"summary_large_image\" \/>\n<meta name=\"twitter:label1\" content=\"Tiempo de lectura\" \/>\n\t<meta name=\"twitter:data1\" content=\"1 minuto\" \/>\n<script type=\"application\/ld+json\" class=\"yoast-schema-graph\">{\"@context\":\"https:\/\/schema.org\",\"@graph\":[{\"@type\":\"WebPage\",\"@id\":\"https:\/\/lartinne.com\/product\/aretes-mini-ambar\/\",\"url\":\"https:\/\/lartinne.com\/product\/aretes-mini-ambar\/\",\"name\":\"Aretes Mini Ambar - Lartinn\u00e9\",\"isPartOf\":{\"@id\":\"https:\/\/lartinne.com\/#website\"},\"datePublished\":\"2022-11-03T13:33:43+00:00\",\"dateModified\":\"2025-06-25T19:55:54+00:00\",\"breadcrumb\":{\"@id\":\"https:\/\/lartinne.com\/product\/aretes-mini-ambar\/#breadcrumb\"},\"inLanguage\":\"es\",\"potentialAction\":[{\"@type\":\"ReadAction\",\"target\":[\"https:\/\/lartinne.com\/product\/aretes-mini-ambar\/\"]}]},{\"@type\":\"BreadcrumbList\",\"@id\":\"https:\/\/lartinne.com\/product\/aretes-mini-ambar\/#breadcrumb\",\"itemListElement\":[{\"@type\":\"ListItem\",\"position\":1,\"name\":\"Home\",\"item\":\"https:\/\/lartinne.com\/\"},{\"@type\":\"ListItem\",\"position\":2,\"name\":\"Tienda\",\"item\":\"https:\/\/lartinne.com\/tienda\/\"},{\"@type\":\"ListItem\",\"position\":3,\"name\":\"Aretes Mini Ambar\"}]},{\"@type\":\"WebSite\",\"@id\":\"https:\/\/lartinne.com\/#website\",\"url\":\"https:\/\/lartinne.com\/\",\"name\":\"Lartinn\u00e9\",\"description\":\"Apoya lo local y complementa tu outfit con Lartinn\u00e9.\",\"potentialAction\":[{\"@type\":\"SearchAction\",\"target\":{\"@type\":\"EntryPoint\",\"urlTemplate\":\"https:\/\/lartinne.com\/?s={search_term_string}\"},\"query-input\":\"required name=search_term_string\"}],\"inLanguage\":\"es\"}]}<\/script>\n<!-- \/ Yoast SEO plugin. -->","yoast_head_json":{"title":"Aretes Mini Ambar - Lartinn\u00e9","robots":{"index":"noindex","follow":"follow","max-snippet":"max-snippet:-1","max-image-preview":"max-image-preview:large","max-video-preview":"max-video-preview:-1"},"og_locale":"es_ES","og_type":"article","og_title":"Aretes Mini Ambar - Lartinn\u00e9","og_description":"Descripci\u00f3n. Sencillos y hermosos aretes dormilonas con \u00e1mbar dominicado y base laminada en oro 18K El \u00c1mbar una resina vegetal fosilizada que s\u00f3lo se encuentra en grandes cantidades en veinte dep\u00f3sitos en el mundo y principalmente en la Europa Oriental, M\u00e9xico y\u00a0 Rep\u00fablica Dominicana. El \u00e1mbar dominicano es considerado el","og_url":"https:\/\/lartinne.com\/product\/aretes-mini-ambar\/","og_site_name":"Lartinn\u00e9","article_modified_time":"2025-06-25T19:55:54+00:00","og_image":[{"width":2560,"height":1707,"url":"https:\/\/lartinne.com\/wp-content\/uploads\/2022\/11\/30-AMA1.jpg","type":"image\/jpeg"}],"twitter_card":"summary_large_image","twitter_misc":{"Tiempo de lectura":"1 minuto"},"schema":{"@context":"https:\/\/schema.org","@graph":[{"@type":"WebPage","@id":"https:\/\/lartinne.com\/product\/aretes-mini-ambar\/","url":"https:\/\/lartinne.com\/product\/aretes-mini-ambar\/","name":"Aretes Mini Ambar - Lartinn\u00e9","isPartOf":{"@id":"https:\/\/lartinne.com\/#website"},"datePublished":"2022-11-03T13:33:43+00:00","dateModified":"2025-06-25T19:55:54+00:00","breadcrumb":{"@id":"https:\/\/lartinne.com\/product\/aretes-mini-ambar\/#breadcrumb"},"inLanguage":"es","potentialAction":[{"@type":"ReadAction","target":["https:\/\/lartinne.com\/product\/aretes-mini-ambar\/"]}]},{"@type":"BreadcrumbList","@id":"https:\/\/lartinne.com\/product\/aretes-mini-ambar\/#breadcrumb","itemListElement":[{"@type":"ListItem","position":1,"name":"Home","item":"https:\/\/lartinne.com\/"},{"@type":"ListItem","position":2,"name":"Tienda","item":"https:\/\/lartinne.com\/tienda\/"},{"@type":"ListItem","position":3,"name":"Aretes Mini Ambar"}]},{"@type":"WebSite","@id":"https:\/\/lartinne.com\/#website","url":"https:\/\/lartinne.com\/","name":"Lartinn\u00e9","description":"Apoya lo local y complementa tu outfit con Lartinn\u00e9.","potentialAction":[{"@type":"SearchAction","target":{"@type":"EntryPoint","urlTemplate":"https:\/\/lartinne.com\/?s={search_term_string}"},"query-input":"required name=search_term_string"}],"inLanguage":"es"}]}},"_links":{"self":[{"href":"https:\/\/nxc.izc.temporary.site\/new\/wp-json\/wp\/v2\/product\/2911"}],"collection":[{"href":"https:\/\/nxc.izc.temporary.site\/new\/wp-json\/wp\/v2\/product"}],"about":[{"href":"https:\/\/nxc.izc.temporary.site\/new\/wp-json\/wp\/v2\/types\/product"}],"replies":[{"embeddable":true,"href":"https:\/\/nxc.izc.temporary.site\/new\/wp-json\/wp\/v2\/comments?post=2911"}],"wp:featuredmedia":[{"embeddable":true,"href":"https:\/\/nxc.izc.temporary.site\/new\/wp-json\/wp\/v2\/media\/2937"}],"wp:attachment":[{"href":"https:\/\/nxc.izc.temporary.site\/new\/wp-json\/wp\/v2\/media?parent=2911"}],"wp:term":[{"taxonomy":"product_cat","embeddable":true,"href":"https:\/\/nxc.izc.temporary.site\/new\/wp-json\/wp\/v2\/product_cat?post=2911"},{"taxonomy":"product_tag","embeddable":true,"href":"https:\/\/nxc.izc.temporary.site\/new\/wp-json\/wp\/v2\/product_tag?post=2911"}],"curies":[{"name":"wp","href":"https:\/\/api.w.org\/{rel}","templated":true}]}}