{"id":3579,"date":"2024-01-31T01:53:11","date_gmt":"2024-01-31T01:53:11","guid":{"rendered":"https:\/\/lartinne.com\/?post_type=product&#038;p=3579"},"modified":"2024-02-18T00:10:31","modified_gmt":"2024-02-18T00:10:31","slug":"lazo-violeta","status":"publish","type":"product","link":"https:\/\/nxc.izc.temporary.site\/new\/product\/lazo-violeta\/","title":{"rendered":"Lazo Violeta"},"content":{"rendered":"","protected":false},"excerpt":{"rendered":"<p>\u00danete a la hermosa tendencia de los lazos. Hecho en tela de algod\u00f3n.<\/p>\n<p>Parte de atr\u00e1s en pinza<\/p>\n","protected":false},"featured_media":3580,"comment_status":"closed","ping_status":"closed","template":"","meta":[],"product_cat":[273,276],"product_tag":[159,231,223],"yoast_head":"<!-- This site is optimized with the Yoast SEO plugin v21.8 - https:\/\/yoast.com\/wordpress\/plugins\/seo\/ -->\n<title>Lazo Violeta - Lartinn\u00e9<\/title>\n<meta name=\"robots\" content=\"noindex, follow, max-snippet:-1, max-image-preview:large, max-video-preview:-1\" \/>\n<meta property=\"og:locale\" content=\"es_ES\" \/>\n<meta property=\"og:type\" content=\"article\" \/>\n<meta property=\"og:title\" content=\"Lazo Violeta - Lartinn\u00e9\" \/>\n<meta property=\"og:description\" content=\"\u00danete a la hermosa tendencia de los lazos. Hecho en tela de algod\u00f3n.  Parte de atr\u00e1s en pinza\" \/>\n<meta property=\"og:url\" content=\"https:\/\/lartinne.com\/product\/lazo-violeta\/\" \/>\n<meta property=\"og:site_name\" content=\"Lartinn\u00e9\" \/>\n<meta property=\"article:modified_time\" content=\"2024-02-18T00:10:31+00:00\" \/>\n<meta property=\"og:image\" content=\"https:\/\/lartinne.com\/wp-content\/uploads\/2024\/01\/IMG_0807-scaled.jpg\" \/>\n\t<meta property=\"og:image:width\" content=\"2560\" \/>\n\t<meta property=\"og:image:height\" content=\"1920\" \/>\n\t<meta property=\"og:image:type\" content=\"image\/jpeg\" \/>\n<meta name=\"twitter:card\" content=\"summary_large_image\" \/>\n<meta name=\"twitter:label1\" content=\"Tiempo de lectura\" \/>\n\t<meta name=\"twitter:data1\" content=\"1 minuto\" \/>\n<script type=\"application\/ld+json\" class=\"yoast-schema-graph\">{\"@context\":\"https:\/\/schema.org\",\"@graph\":[{\"@type\":\"WebPage\",\"@id\":\"https:\/\/lartinne.com\/product\/lazo-violeta\/\",\"url\":\"https:\/\/lartinne.com\/product\/lazo-violeta\/\",\"name\":\"Lazo Violeta - Lartinn\u00e9\",\"isPartOf\":{\"@id\":\"https:\/\/lartinne.com\/#website\"},\"datePublished\":\"2024-01-31T01:53:11+00:00\",\"dateModified\":\"2024-02-18T00:10:31+00:00\",\"breadcrumb\":{\"@id\":\"https:\/\/lartinne.com\/product\/lazo-violeta\/#breadcrumb\"},\"inLanguage\":\"es\",\"potentialAction\":[{\"@type\":\"ReadAction\",\"target\":[\"https:\/\/lartinne.com\/product\/lazo-violeta\/\"]}]},{\"@type\":\"BreadcrumbList\",\"@id\":\"https:\/\/lartinne.com\/product\/lazo-violeta\/#breadcrumb\",\"itemListElement\":[{\"@type\":\"ListItem\",\"position\":1,\"name\":\"Home\",\"item\":\"https:\/\/lartinne.com\/\"},{\"@type\":\"ListItem\",\"position\":2,\"name\":\"Tienda\",\"item\":\"https:\/\/lartinne.com\/tienda\/\"},{\"@type\":\"ListItem\",\"position\":3,\"name\":\"Lazo Violeta\"}]},{\"@type\":\"WebSite\",\"@id\":\"https:\/\/lartinne.com\/#website\",\"url\":\"https:\/\/lartinne.com\/\",\"name\":\"Lartinn\u00e9\",\"description\":\"Apoya lo local y complementa tu outfit con Lartinn\u00e9.\",\"potentialAction\":[{\"@type\":\"SearchAction\",\"target\":{\"@type\":\"EntryPoint\",\"urlTemplate\":\"https:\/\/lartinne.com\/?s={search_term_string}\"},\"query-input\":\"required name=search_term_string\"}],\"inLanguage\":\"es\"}]}<\/script>\n<!-- \/ Yoast SEO plugin. -->","yoast_head_json":{"title":"Lazo Violeta - Lartinn\u00e9","robots":{"index":"noindex","follow":"follow","max-snippet":"max-snippet:-1","max-image-preview":"max-image-preview:large","max-video-preview":"max-video-preview:-1"},"og_locale":"es_ES","og_type":"article","og_title":"Lazo Violeta - Lartinn\u00e9","og_description":"\u00danete a la hermosa tendencia de los lazos. Hecho en tela de algod\u00f3n.  Parte de atr\u00e1s en pinza","og_url":"https:\/\/lartinne.com\/product\/lazo-violeta\/","og_site_name":"Lartinn\u00e9","article_modified_time":"2024-02-18T00:10:31+00:00","og_image":[{"width":2560,"height":1920,"url":"https:\/\/lartinne.com\/wp-content\/uploads\/2024\/01\/IMG_0807-scaled.jpg","type":"image\/jpeg"}],"twitter_card":"summary_large_image","twitter_misc":{"Tiempo de lectura":"1 minuto"},"schema":{"@context":"https:\/\/schema.org","@graph":[{"@type":"WebPage","@id":"https:\/\/lartinne.com\/product\/lazo-violeta\/","url":"https:\/\/lartinne.com\/product\/lazo-violeta\/","name":"Lazo Violeta - Lartinn\u00e9","isPartOf":{"@id":"https:\/\/lartinne.com\/#website"},"datePublished":"2024-01-31T01:53:11+00:00","dateModified":"2024-02-18T00:10:31+00:00","breadcrumb":{"@id":"https:\/\/lartinne.com\/product\/lazo-violeta\/#breadcrumb"},"inLanguage":"es","potentialAction":[{"@type":"ReadAction","target":["https:\/\/lartinne.com\/product\/lazo-violeta\/"]}]},{"@type":"BreadcrumbList","@id":"https:\/\/lartinne.com\/product\/lazo-violeta\/#breadcrumb","itemListElement":[{"@type":"ListItem","position":1,"name":"Home","item":"https:\/\/lartinne.com\/"},{"@type":"ListItem","position":2,"name":"Tienda","item":"https:\/\/lartinne.com\/tienda\/"},{"@type":"ListItem","position":3,"name":"Lazo Violeta"}]},{"@type":"WebSite","@id":"https:\/\/lartinne.com\/#website","url":"https:\/\/lartinne.com\/","name":"Lartinn\u00e9","description":"Apoya lo local y complementa tu outfit con Lartinn\u00e9.","potentialAction":[{"@type":"SearchAction","target":{"@type":"EntryPoint","urlTemplate":"https:\/\/lartinne.com\/?s={search_term_string}"},"query-input":"required name=search_term_string"}],"inLanguage":"es"}]}},"_links":{"self":[{"href":"https:\/\/nxc.izc.temporary.site\/new\/wp-json\/wp\/v2\/product\/3579"}],"collection":[{"href":"https:\/\/nxc.izc.temporary.site\/new\/wp-json\/wp\/v2\/product"}],"about":[{"href":"https:\/\/nxc.izc.temporary.site\/new\/wp-json\/wp\/v2\/types\/product"}],"replies":[{"embeddable":true,"href":"https:\/\/nxc.izc.temporary.site\/new\/wp-json\/wp\/v2\/comments?post=3579"}],"wp:featuredmedia":[{"embeddable":true,"href":"https:\/\/nxc.izc.temporary.site\/new\/wp-json\/wp\/v2\/media\/3580"}],"wp:attachment":[{"href":"https:\/\/nxc.izc.temporary.site\/new\/wp-json\/wp\/v2\/media?parent=3579"}],"wp:term":[{"taxonomy":"product_cat","embeddable":true,"href":"https:\/\/nxc.izc.temporary.site\/new\/wp-json\/wp\/v2\/product_cat?post=3579"},{"taxonomy":"product_tag","embeddable":true,"href":"https:\/\/nxc.izc.temporary.site\/new\/wp-json\/wp\/v2\/product_tag?post=3579"}],"curies":[{"name":"wp","href":"https:\/\/api.w.org\/{rel}","templated":true}]}}